{"id":738,"date":"2024-01-28T15:10:45","date_gmt":"2024-01-28T15:10:45","guid":{"rendered":"https:\/\/www.entspannter-wohnen.com\/?page_id=738"},"modified":"2024-08-22T07:21:38","modified_gmt":"2024-08-22T07:21:38","slug":"dienstleistungen","status":"publish","type":"page","link":"https:\/\/www.entspannter-wohnen.com\/?page_id=738","title":{"rendered":"Dienstleistungen"},"content":{"rendered":"<p>Wir bieten Ihnen folgende Dienstleistungen:<\/p>\n<p>Stempelerstellung und -zubeh\u00f6r<\/p>\n<p>Kopieren, Drucken, Laminieren, Scans f\u00fcr A3, A4<\/p>\n<p>Gro\u00dfformatdrucke, -kopien, -scans und Laminieren in Farbe und s\/w f\u00fcr die Gr\u00f6\u00dfen A2 bis A0<\/p>\n<p>Bucheinschlagen in allen Gr\u00f6\u00dfen in unterschiedlichen Farben<\/p>\n<p>Personalisierung von Gl\u00e4sern als Geeschenk f\u00fcr Ihre Liebsten:<\/p>\n<p><img fetchpriority=\"high\" decoding=\"async\" class=\"alignnone  wp-image-733\" src=\"https:\/\/www.entspannter-wohnen.com\/wp-content\/uploads\/2024\/01\/beide--1792x1836.jpg\" alt=\"\" width=\"227\" height=\"233\" srcset=\"https:\/\/www.entspannter-wohnen.com\/wp-content\/uploads\/2024\/01\/beide--1792x1836.jpg 1792w, https:\/\/www.entspannter-wohnen.com\/wp-content\/uploads\/2024\/01\/beide--1836x1881.jpg 1836w, https:\/\/www.entspannter-wohnen.com\/wp-content\/uploads\/2024\/01\/beide--768x787.jpg 768w, https:\/\/www.entspannter-wohnen.com\/wp-content\/uploads\/2024\/01\/beide--1499x1536.jpg 1499w, https:\/\/www.entspannter-wohnen.com\/wp-content\/uploads\/2024\/01\/beide--1999x2048.jpg 1999w, https:\/\/www.entspannter-wohnen.com\/wp-content\/uploads\/2024\/01\/beide--300x307.jpg 300w\" sizes=\"(max-width: 227px) 100vw, 227px\" \/> <img decoding=\"async\" class=\"alignnone  wp-image-734\" src=\"https:\/\/www.entspannter-wohnen.com\/wp-content\/uploads\/2024\/01\/Cocktailglas-1334x1836.jpg\" alt=\"\" width=\"169\" height=\"233\" srcset=\"https:\/\/www.entspannter-wohnen.com\/wp-content\/uploads\/2024\/01\/Cocktailglas-1334x1836.jpg 1334w, https:\/\/www.entspannter-wohnen.com\/wp-content\/uploads\/2024\/01\/Cocktailglas-1836x2526.jpg 1836w, https:\/\/www.entspannter-wohnen.com\/wp-content\/uploads\/2024\/01\/Cocktailglas-768x1057.jpg 768w, https:\/\/www.entspannter-wohnen.com\/wp-content\/uploads\/2024\/01\/Cocktailglas-1116x1536.jpg 1116w, https:\/\/www.entspannter-wohnen.com\/wp-content\/uploads\/2024\/01\/Cocktailglas-1489x2048.jpg 1489w, https:\/\/www.entspannter-wohnen.com\/wp-content\/uploads\/2024\/01\/Cocktailglas-300x413.jpg 300w, https:\/\/www.entspannter-wohnen.com\/wp-content\/uploads\/2024\/01\/Cocktailglas-scaled.jpg 1861w\" sizes=\"(max-width: 169px) 100vw, 169px\" \/> <img decoding=\"async\" class=\"alignnone  wp-image-736\" src=\"https:\/\/www.entspannter-wohnen.com\/wp-content\/uploads\/2024\/01\/Teeglas-1836x1730.jpg\" alt=\"\" width=\"247\" height=\"232\" srcset=\"https:\/\/www.entspannter-wohnen.com\/wp-content\/uploads\/2024\/01\/Teeglas-1836x1730.jpg 1836w, https:\/\/www.entspannter-wohnen.com\/wp-content\/uploads\/2024\/01\/Teeglas-768x724.jpg 768w, https:\/\/www.entspannter-wohnen.com\/wp-content\/uploads\/2024\/01\/Teeglas-1536x1447.jpg 1536w, https:\/\/www.entspannter-wohnen.com\/wp-content\/uploads\/2024\/01\/Teeglas-2048x1929.jpg 2048w, https:\/\/www.entspannter-wohnen.com\/wp-content\/uploads\/2024\/01\/Teeglas-300x283.jpg 300w\" sizes=\"(max-width: 247px) 100vw, 247px\" \/><\/p>\n<p>Wir individualisieren Ihre Kugelschreiber und F\u00fcller, welche Sie unter anderem auch bei uns erwerben k\u00f6nnen:<\/p>\n<p><img loading=\"lazy\" decoding=\"async\" class=\"alignnone  wp-image-735\" src=\"https:\/\/www.entspannter-wohnen.com\/wp-content\/uploads\/2024\/01\/Stifte-graviert-1836x670.jpeg\" alt=\"\" width=\"657\" height=\"240\" srcset=\"https:\/\/www.entspannter-wohnen.com\/wp-content\/uploads\/2024\/01\/Stifte-graviert-1836x670.jpeg 1836w, https:\/\/www.entspannter-wohnen.com\/wp-content\/uploads\/2024\/01\/Stifte-graviert-768x280.jpeg 768w, https:\/\/www.entspannter-wohnen.com\/wp-content\/uploads\/2024\/01\/Stifte-graviert-1536x560.jpeg 1536w, https:\/\/www.entspannter-wohnen.com\/wp-content\/uploads\/2024\/01\/Stifte-graviert-2048x747.jpeg 2048w, https:\/\/www.entspannter-wohnen.com\/wp-content\/uploads\/2024\/01\/Stifte-graviert-300x109.jpeg 300w\" sizes=\"(max-width: 657px) 100vw, 657px\" \/><\/p>\n<p>Buchbinden in div Ausf\u00fchrungen (Ring-, Leim-, Klemmbindung), Cover mit Pr\u00e4gung<\/p>\n<p><img loading=\"lazy\" decoding=\"async\" class=\"alignnone size-medium wp-image-772\" src=\"https:\/\/www.entspannter-wohnen.com\/wp-content\/uploads\/2024\/02\/Buchbindung-1377x1836.jpg\" alt=\"\" width=\"1377\" height=\"1836\" srcset=\"https:\/\/www.entspannter-wohnen.com\/wp-content\/uploads\/2024\/02\/Buchbindung-1377x1836.jpg 1377w, https:\/\/www.entspannter-wohnen.com\/wp-content\/uploads\/2024\/02\/Buchbindung-768x1024.jpg 768w, https:\/\/www.entspannter-wohnen.com\/wp-content\/uploads\/2024\/02\/Buchbindung-1152x1536.jpg 1152w, https:\/\/www.entspannter-wohnen.com\/wp-content\/uploads\/2024\/02\/Buchbindung-300x400.jpg 300w, https:\/\/www.entspannter-wohnen.com\/wp-content\/uploads\/2024\/02\/Buchbindung.jpg 1536w\" sizes=\"(max-width: 1377px) 100vw, 1377px\" \/><\/p>\n","protected":false},"excerpt":{"rendered":"<p>Wir bieten Ihnen folgende Dienstleistungen: Stempelerstellung und -zubeh\u00f6r Kopieren, Drucken, Laminieren, Scans f\u00fcr A3, A4 Gro\u00dfformatdrucke, -kopien, -scans und Laminieren in Farbe und s\/w f\u00fcr die Gr\u00f6\u00dfen A2 bis A0 Bucheinschlagen in allen Gr\u00f6\u00dfen in unterschiedlichen Farben Personalisierung von Gl\u00e4sern als Geeschenk f\u00fcr Ihre Liebsten: Wir individualisieren Ihre Kugelschreiber und F\u00fcller, welche Sie unter anderem <a class=\"moretag\" href=\"https:\/\/www.entspannter-wohnen.com\/?page_id=738\">Read More &#8230;<\/a><\/p>\n","protected":false},"author":1,"featured_media":0,"parent":0,"menu_order":0,"comment_status":"closed","ping_status":"closed","template":"","meta":{"footnotes":""},"class_list":["post-738","page","type-page","status-publish","hentry"],"yoast_head":"<!-- This site is optimized with the Yoast SEO plugin v26.8 - https:\/\/yoast.com\/product\/yoast-seo-wordpress\/ -->\n<title>Dienstleistungen - Entspannter-Wohnen<\/title>\n<meta name=\"robots\" content=\"index, follow, max-snippet:-1, max-image-preview:large, max-video-preview:-1\" \/>\n<link rel=\"canonical\" href=\"https:\/\/www.entspannter-wohnen.com\/?page_id=738\" \/>\n<meta property=\"og:locale\" content=\"de_DE\" \/>\n<meta property=\"og:type\" content=\"article\" \/>\n<meta property=\"og:title\" content=\"Dienstleistungen - Entspannter-Wohnen\" \/>\n<meta property=\"og:description\" content=\"Wir bieten Ihnen folgende Dienstleistungen: Stempelerstellung und -zubeh\u00f6r Kopieren, Drucken, Laminieren, Scans f\u00fcr A3, A4 Gro\u00dfformatdrucke, -kopien, -scans und Laminieren in Farbe und s\/w f\u00fcr die Gr\u00f6\u00dfen A2 bis A0 Bucheinschlagen in allen Gr\u00f6\u00dfen in unterschiedlichen Farben Personalisierung von Gl\u00e4sern als Geeschenk f\u00fcr Ihre Liebsten: Wir individualisieren Ihre Kugelschreiber und F\u00fcller, welche Sie unter anderem Read More ...\" \/>\n<meta property=\"og:url\" content=\"https:\/\/www.entspannter-wohnen.com\/?page_id=738\" \/>\n<meta property=\"og:site_name\" content=\"Entspannter-Wohnen\" \/>\n<meta property=\"article:modified_time\" content=\"2024-08-22T07:21:38+00:00\" \/>\n<meta property=\"og:image\" content=\"https:\/\/www.entspannter-wohnen.com\/wp-content\/uploads\/2024\/01\/beide--scaled.jpg\" \/>\n\t<meta property=\"og:image:width\" content=\"2498\" \/>\n\t<meta property=\"og:image:height\" content=\"2560\" \/>\n\t<meta property=\"og:image:type\" content=\"image\/jpeg\" \/>\n<meta name=\"twitter:card\" content=\"summary_large_image\" \/>\n<script type=\"application\/ld+json\" class=\"yoast-schema-graph\">{\"@context\":\"https:\/\/schema.org\",\"@graph\":[{\"@type\":\"WebPage\",\"@id\":\"https:\/\/www.entspannter-wohnen.com\/?page_id=738\",\"url\":\"https:\/\/www.entspannter-wohnen.com\/?page_id=738\",\"name\":\"Dienstleistungen - Entspannter-Wohnen\",\"isPartOf\":{\"@id\":\"https:\/\/www.entspannter-wohnen.com\/#website\"},\"primaryImageOfPage\":{\"@id\":\"https:\/\/www.entspannter-wohnen.com\/?page_id=738#primaryimage\"},\"image\":{\"@id\":\"https:\/\/www.entspannter-wohnen.com\/?page_id=738#primaryimage\"},\"thumbnailUrl\":\"https:\/\/www.entspannter-wohnen.com\/wp-content\/uploads\/2024\/01\/beide--1792x1836.jpg\",\"datePublished\":\"2024-01-28T15:10:45+00:00\",\"dateModified\":\"2024-08-22T07:21:38+00:00\",\"breadcrumb\":{\"@id\":\"https:\/\/www.entspannter-wohnen.com\/?page_id=738#breadcrumb\"},\"inLanguage\":\"de\",\"potentialAction\":[{\"@type\":\"ReadAction\",\"target\":[\"https:\/\/www.entspannter-wohnen.com\/?page_id=738\"]}]},{\"@type\":\"ImageObject\",\"inLanguage\":\"de\",\"@id\":\"https:\/\/www.entspannter-wohnen.com\/?page_id=738#primaryimage\",\"url\":\"https:\/\/www.entspannter-wohnen.com\/wp-content\/uploads\/2024\/01\/beide--scaled.jpg\",\"contentUrl\":\"https:\/\/www.entspannter-wohnen.com\/wp-content\/uploads\/2024\/01\/beide--scaled.jpg\",\"width\":2498,\"height\":2560},{\"@type\":\"BreadcrumbList\",\"@id\":\"https:\/\/www.entspannter-wohnen.com\/?page_id=738#breadcrumb\",\"itemListElement\":[{\"@type\":\"ListItem\",\"position\":1,\"name\":\"Startseite\",\"item\":\"https:\/\/www.entspannter-wohnen.com\/\"},{\"@type\":\"ListItem\",\"position\":2,\"name\":\"Dienstleistungen\"}]},{\"@type\":\"WebSite\",\"@id\":\"https:\/\/www.entspannter-wohnen.com\/#website\",\"url\":\"https:\/\/www.entspannter-wohnen.com\/\",\"name\":\"Entspannter-Wohnen\",\"description\":\"Fliesenprofi aus Zittau\",\"potentialAction\":[{\"@type\":\"SearchAction\",\"target\":{\"@type\":\"EntryPoint\",\"urlTemplate\":\"https:\/\/www.entspannter-wohnen.com\/?s={search_term_string}\"},\"query-input\":{\"@type\":\"PropertyValueSpecification\",\"valueRequired\":true,\"valueName\":\"search_term_string\"}}],\"inLanguage\":\"de\"}]}<\/script>\n<!-- \/ Yoast SEO plugin. -->","yoast_head_json":{"title":"Dienstleistungen - Entspannter-Wohnen","robots":{"index":"index","follow":"follow","max-snippet":"max-snippet:-1","max-image-preview":"max-image-preview:large","max-video-preview":"max-video-preview:-1"},"canonical":"https:\/\/www.entspannter-wohnen.com\/?page_id=738","og_locale":"de_DE","og_type":"article","og_title":"Dienstleistungen - Entspannter-Wohnen","og_description":"Wir bieten Ihnen folgende Dienstleistungen: Stempelerstellung und -zubeh\u00f6r Kopieren, Drucken, Laminieren, Scans f\u00fcr A3, A4 Gro\u00dfformatdrucke, -kopien, -scans und Laminieren in Farbe und s\/w f\u00fcr die Gr\u00f6\u00dfen A2 bis A0 Bucheinschlagen in allen Gr\u00f6\u00dfen in unterschiedlichen Farben Personalisierung von Gl\u00e4sern als Geeschenk f\u00fcr Ihre Liebsten: Wir individualisieren Ihre Kugelschreiber und F\u00fcller, welche Sie unter anderem Read More ...","og_url":"https:\/\/www.entspannter-wohnen.com\/?page_id=738","og_site_name":"Entspannter-Wohnen","article_modified_time":"2024-08-22T07:21:38+00:00","og_image":[{"width":2498,"height":2560,"url":"https:\/\/www.entspannter-wohnen.com\/wp-content\/uploads\/2024\/01\/beide--scaled.jpg","type":"image\/jpeg"}],"twitter_card":"summary_large_image","schema":{"@context":"https:\/\/schema.org","@graph":[{"@type":"WebPage","@id":"https:\/\/www.entspannter-wohnen.com\/?page_id=738","url":"https:\/\/www.entspannter-wohnen.com\/?page_id=738","name":"Dienstleistungen - Entspannter-Wohnen","isPartOf":{"@id":"https:\/\/www.entspannter-wohnen.com\/#website"},"primaryImageOfPage":{"@id":"https:\/\/www.entspannter-wohnen.com\/?page_id=738#primaryimage"},"image":{"@id":"https:\/\/www.entspannter-wohnen.com\/?page_id=738#primaryimage"},"thumbnailUrl":"https:\/\/www.entspannter-wohnen.com\/wp-content\/uploads\/2024\/01\/beide--1792x1836.jpg","datePublished":"2024-01-28T15:10:45+00:00","dateModified":"2024-08-22T07:21:38+00:00","breadcrumb":{"@id":"https:\/\/www.entspannter-wohnen.com\/?page_id=738#breadcrumb"},"inLanguage":"de","potentialAction":[{"@type":"ReadAction","target":["https:\/\/www.entspannter-wohnen.com\/?page_id=738"]}]},{"@type":"ImageObject","inLanguage":"de","@id":"https:\/\/www.entspannter-wohnen.com\/?page_id=738#primaryimage","url":"https:\/\/www.entspannter-wohnen.com\/wp-content\/uploads\/2024\/01\/beide--scaled.jpg","contentUrl":"https:\/\/www.entspannter-wohnen.com\/wp-content\/uploads\/2024\/01\/beide--scaled.jpg","width":2498,"height":2560},{"@type":"BreadcrumbList","@id":"https:\/\/www.entspannter-wohnen.com\/?page_id=738#breadcrumb","itemListElement":[{"@type":"ListItem","position":1,"name":"Startseite","item":"https:\/\/www.entspannter-wohnen.com\/"},{"@type":"ListItem","position":2,"name":"Dienstleistungen"}]},{"@type":"WebSite","@id":"https:\/\/www.entspannter-wohnen.com\/#website","url":"https:\/\/www.entspannter-wohnen.com\/","name":"Entspannter-Wohnen","description":"Fliesenprofi aus Zittau","potentialAction":[{"@type":"SearchAction","target":{"@type":"EntryPoint","urlTemplate":"https:\/\/www.entspannter-wohnen.com\/?s={search_term_string}"},"query-input":{"@type":"PropertyValueSpecification","valueRequired":true,"valueName":"search_term_string"}}],"inLanguage":"de"}]}},"_links":{"self":[{"href":"https:\/\/www.entspannter-wohnen.com\/index.php?rest_route=\/wp\/v2\/pages\/738","targetHints":{"allow":["GET"]}}],"collection":[{"href":"https:\/\/www.entspannter-wohnen.com\/index.php?rest_route=\/wp\/v2\/pages"}],"about":[{"href":"https:\/\/www.entspannter-wohnen.com\/index.php?rest_route=\/wp\/v2\/types\/page"}],"author":[{"embeddable":true,"href":"https:\/\/www.entspannter-wohnen.com\/index.php?rest_route=\/wp\/v2\/users\/1"}],"replies":[{"embeddable":true,"href":"https:\/\/www.entspannter-wohnen.com\/index.php?rest_route=%2Fwp%2Fv2%2Fcomments&post=738"}],"version-history":[{"count":0,"href":"https:\/\/www.entspannter-wohnen.com\/index.php?rest_route=\/wp\/v2\/pages\/738\/revisions"}],"wp:attachment":[{"href":"https:\/\/www.entspannter-wohnen.com\/index.php?rest_route=%2Fwp%2Fv2%2Fmedia&parent=738"}],"curies":[{"name":"wp","href":"https:\/\/api.w.org\/{rel}","templated":true}]}}