{"id":674,"date":"2024-01-14T14:42:03","date_gmt":"2024-01-14T14:42:03","guid":{"rendered":"https:\/\/www.entspannter-wohnen.com\/?page_id=674"},"modified":"2024-08-22T09:38:27","modified_gmt":"2024-08-22T09:38:27","slug":"entspannte-bueroklammer","status":"publish","type":"page","link":"https:\/\/www.entspannter-wohnen.com\/?page_id=674","title":{"rendered":"Entspannte B\u00fcroklammer"},"content":{"rendered":"<div id=\"pl-674\" class=\"panel-layout\">\n<div id=\"pg-674-0\" class=\"panel-grid panel-no-style\">\n<div id=\"pgc-674-0-0\" class=\"panel-grid-cell\" data-weight=\"1\">\n<div id=\"panel-674-0-0-0\" class=\"so-panel widget widget_sow-editor panel-first-child panel-last-child\" data-index=\"0\" data-style=\"{&quot;background_image_attachment&quot;:false,&quot;background_display&quot;:&quot;tile&quot;,&quot;background_image_size&quot;:&quot;full&quot;,&quot;background_image_opacity&quot;:&quot;100&quot;,&quot;border_thickness&quot;:&quot;1px&quot;,&quot;font_color&quot;:&quot;#000000&quot;}\">\n<div class=\"panel-widget-style panel-widget-style-for-674-0-0-0\">\n<div class=\"so-widget-sow-editor so-widget-sow-editor-base\">\n<div class=\"siteorigin-widget-tinymce textwidget\">\n<p><img fetchpriority=\"high\" decoding=\"async\" class=\"alignnone size-medium wp-image-782\" src=\"https:\/\/www.entspannter-wohnen.com\/wp-content\/uploads\/2024\/02\/Bueroklammer_Logo_einzeilig-1836x324.png\" alt=\"\" width=\"1836\" height=\"324\" srcset=\"https:\/\/www.entspannter-wohnen.com\/wp-content\/uploads\/2024\/02\/Bueroklammer_Logo_einzeilig-1836x324.png 1836w, https:\/\/www.entspannter-wohnen.com\/wp-content\/uploads\/2024\/02\/Bueroklammer_Logo_einzeilig-768x135.png 768w, https:\/\/www.entspannter-wohnen.com\/wp-content\/uploads\/2024\/02\/Bueroklammer_Logo_einzeilig-1536x271.png 1536w, https:\/\/www.entspannter-wohnen.com\/wp-content\/uploads\/2024\/02\/Bueroklammer_Logo_einzeilig-2048x361.png 2048w, https:\/\/www.entspannter-wohnen.com\/wp-content\/uploads\/2024\/02\/Bueroklammer_Logo_einzeilig-300x53.png 300w\" sizes=\"(max-width: 1836px) 100vw, 1836px\" \/><\/p>\n<span class=\"\" style=\"display:block;clear:both;height: 0px;padding-top: 20px;border-top-width:0px;border-bottom-width:0px;\"><\/span>\n<p>In der historischen Altstadt von Zittau befindet sich unser Einzelhandelsgesch\u00e4ft.<\/p>\n<p><img decoding=\"async\" class=\"alignnone size-medium wp-image-693\" src=\"https:\/\/www.entspannter-wohnen.com\/wp-content\/uploads\/2024\/01\/Aussen-1836x1152.jpg\" alt=\"\" width=\"1836\" height=\"1152\" srcset=\"https:\/\/www.entspannter-wohnen.com\/wp-content\/uploads\/2024\/01\/Aussen-1836x1152.jpg 1836w, https:\/\/www.entspannter-wohnen.com\/wp-content\/uploads\/2024\/01\/Aussen-768x482.jpg 768w, https:\/\/www.entspannter-wohnen.com\/wp-content\/uploads\/2024\/01\/Aussen-1536x963.jpg 1536w, https:\/\/www.entspannter-wohnen.com\/wp-content\/uploads\/2024\/01\/Aussen-2048x1285.jpg 2048w, https:\/\/www.entspannter-wohnen.com\/wp-content\/uploads\/2024\/01\/Aussen-300x188.jpg 300w\" sizes=\"(max-width: 1836px) 100vw, 1836px\" \/><\/p>\n<p><strong>ACHTUNG: Ab Montag, dem 26.08.2024, ist unser neuer HP Plotter\/Scanner\/Kopierer f\u00fcr Gr\u00f6\u00dfen ab A2 bis A0 einsatzbereit f\u00fcr Farbe&amp;s\/w,au\u00dferdem k\u00f6nnen wir auch bis A0 laminieren, also besuchen Sie uns!<\/strong><\/p>\n<p><strong>Unser Angebot:<\/strong><\/p>\n<p><strong>Unser Angebot:<\/strong><\/p>\n<p>Stempelshop, Einzelhandel, Lotto, Post, Dienstleistungen (u.a. Kopieren, Scannen, Plotten, Drucken, Laminieren (alle Dienstleistungen k\u00f6nnen wir von A5 bis hin zu A0 durchf\u00fchren), B\u00fccher binden und pr\u00e4gen, B\u00fccher einschlagen in allen Gr\u00f6\u00dfen passgenau, u.v.m.)<\/p>\n<p><a class=\"button primary-button\" href=\"https:\/\/123178.stempelcloud24.com\/\" target=\"_blank\" rel=\"noopener\">Stempelshop<\/a> <a class=\"button primary-button\" href=\"https:\/\/www.entspannter-wohnen.com\/?page_id=691\">Einzelhandel<\/a>\u00a0 <a class=\"button primary-button\" href=\"https:\/\/www.entspannter-wohnen.com\/?page_id=738\">Dienstleistungen<\/a><\/p>\n<p><strong>Unser aktuellen \u00d6ffnungszeiten sind:<\/strong><\/p>\n<p><strong>Montag &#8211; Freitag\u00a0\u00a0\u00a0\u00a0\u00a0\u00a0\u00a0\u00a0\u00a0\u00a0\u00a0\u00a0\u00a0\u00a0\u00a0\u00a0\u00a0\u00a0\u00a0\u00a0\u00a0\u00a0\u00a0 09:00 Uhr &#8211; 18:00 Uhr<\/strong><\/p>\n<p><strong>Samstag\u00a0 \u00a0 \u00a0 \u00a0 \u00a0 \u00a0 \u00a0 \u00a0\u00a0\u00a0\u00a0\u00a0\u00a0\u00a0\u00a0\u00a0\u00a0\u00a0\u00a0\u00a0\u00a0\u00a0\u00a0\u00a0\u00a0\u00a0\u00a0\u00a0\u00a0\u00a0 09:00 Uhr &#8211; 12:30 Uhr<br \/>\n<\/strong><\/p>\n<span class=\"\" style=\"display:block;clear:both;height: 0px;padding-top: 40px;border-top-width:0px;border-bottom-width:0px;\"><\/span>\n<p><strong>Das Fachgesch\u00e4ft befindet sich:<\/strong><\/p>\n<p>Frauenstr. 7<\/p>\n<p>02763 Zittau<\/p>\n<p>Tel: 03583 586 5565<\/p>\n<p>Email: email@bueroklammer-zittau.de<\/p>\n<span class=\"\" style=\"display:block;clear:both;height: 0px;padding-top: 40px;border-top-width:0px;border-bottom-width:0px;\"><\/span>\n<p><strong>Besuchen Sie uns, wir freuen uns!<\/strong><\/p>\n<\/div>\n<\/div>\n<\/div>\n<\/div>\n<\/div>\n<\/div>\n<\/div>\n","protected":false},"excerpt":{"rendered":"<p>In der historischen Altstadt von Zittau befindet sich unser Einzelhandelsgesch\u00e4ft. ACHTUNG: Ab Montag, dem 26.08.2024, ist unser neuer HP Plotter\/Scanner\/Kopierer f\u00fcr Gr\u00f6\u00dfen ab A2 bis A0 einsatzbereit f\u00fcr Farbe&amp;s\/w,au\u00dferdem k\u00f6nnen wir auch bis A0 laminieren, also besuchen Sie uns! Unser Angebot: Unser Angebot: Stempelshop, Einzelhandel, Lotto, Post, Dienstleistungen (u.a. Kopieren, Scannen, Plotten, Drucken, Laminieren (alle <a class=\"moretag\" href=\"https:\/\/www.entspannter-wohnen.com\/?page_id=674\">Read More &#8230;<\/a><\/p>\n","protected":false},"author":1,"featured_media":0,"parent":0,"menu_order":0,"comment_status":"closed","ping_status":"closed","template":"","meta":{"footnotes":""},"class_list":["post-674","page","type-page","status-publish","hentry"],"yoast_head":"<!-- This site is optimized with the Yoast SEO plugin v26.8 - https:\/\/yoast.com\/product\/yoast-seo-wordpress\/ -->\n<title>Entspannte B\u00fcroklammer - Entspannter-Wohnen<\/title>\n<meta name=\"robots\" content=\"index, follow, max-snippet:-1, max-image-preview:large, max-video-preview:-1\" \/>\n<link rel=\"canonical\" href=\"https:\/\/www.entspannter-wohnen.com\/?page_id=674\" \/>\n<meta property=\"og:locale\" content=\"de_DE\" \/>\n<meta property=\"og:type\" content=\"article\" \/>\n<meta property=\"og:title\" content=\"Entspannte B\u00fcroklammer - Entspannter-Wohnen\" \/>\n<meta property=\"og:description\" content=\"In der historischen Altstadt von Zittau befindet sich unser Einzelhandelsgesch\u00e4ft. ACHTUNG: Ab Montag, dem 26.08.2024, ist unser neuer HP Plotter\/Scanner\/Kopierer f\u00fcr Gr\u00f6\u00dfen ab A2 bis A0 einsatzbereit f\u00fcr Farbe&amp;s\/w,au\u00dferdem k\u00f6nnen wir auch bis A0 laminieren, also besuchen Sie uns! Unser Angebot: Unser Angebot: Stempelshop, Einzelhandel, Lotto, Post, Dienstleistungen (u.a. Kopieren, Scannen, Plotten, Drucken, Laminieren (alle Read More ...\" \/>\n<meta property=\"og:url\" content=\"https:\/\/www.entspannter-wohnen.com\/?page_id=674\" \/>\n<meta property=\"og:site_name\" content=\"Entspannter-Wohnen\" \/>\n<meta property=\"article:modified_time\" content=\"2024-08-22T09:38:27+00:00\" \/>\n<meta property=\"og:image\" content=\"https:\/\/www.entspannter-wohnen.com\/wp-content\/uploads\/2024\/02\/Bueroklammer_Logo_einzeilig.png\" \/>\n\t<meta property=\"og:image:width\" content=\"3220\" \/>\n\t<meta property=\"og:image:height\" content=\"568\" \/>\n\t<meta property=\"og:image:type\" content=\"image\/png\" \/>\n<meta name=\"twitter:card\" content=\"summary_large_image\" \/>\n<meta name=\"twitter:label1\" content=\"Gesch\u00e4tzte Lesezeit\" \/>\n\t<meta name=\"twitter:data1\" content=\"1\u00a0Minute\" \/>\n<script type=\"application\/ld+json\" class=\"yoast-schema-graph\">{\"@context\":\"https:\/\/schema.org\",\"@graph\":[{\"@type\":\"WebPage\",\"@id\":\"https:\/\/www.entspannter-wohnen.com\/?page_id=674\",\"url\":\"https:\/\/www.entspannter-wohnen.com\/?page_id=674\",\"name\":\"Entspannte B\u00fcroklammer - Entspannter-Wohnen\",\"isPartOf\":{\"@id\":\"https:\/\/www.entspannter-wohnen.com\/#website\"},\"primaryImageOfPage\":{\"@id\":\"https:\/\/www.entspannter-wohnen.com\/?page_id=674#primaryimage\"},\"image\":{\"@id\":\"https:\/\/www.entspannter-wohnen.com\/?page_id=674#primaryimage\"},\"thumbnailUrl\":\"https:\/\/www.entspannter-wohnen.com\/wp-content\/uploads\/2024\/02\/Bueroklammer_Logo_einzeilig-1836x324.png\",\"datePublished\":\"2024-01-14T14:42:03+00:00\",\"dateModified\":\"2024-08-22T09:38:27+00:00\",\"breadcrumb\":{\"@id\":\"https:\/\/www.entspannter-wohnen.com\/?page_id=674#breadcrumb\"},\"inLanguage\":\"de\",\"potentialAction\":[{\"@type\":\"ReadAction\",\"target\":[\"https:\/\/www.entspannter-wohnen.com\/?page_id=674\"]}]},{\"@type\":\"ImageObject\",\"inLanguage\":\"de\",\"@id\":\"https:\/\/www.entspannter-wohnen.com\/?page_id=674#primaryimage\",\"url\":\"https:\/\/www.entspannter-wohnen.com\/wp-content\/uploads\/2024\/02\/Bueroklammer_Logo_einzeilig.png\",\"contentUrl\":\"https:\/\/www.entspannter-wohnen.com\/wp-content\/uploads\/2024\/02\/Bueroklammer_Logo_einzeilig.png\",\"width\":3220,\"height\":568},{\"@type\":\"BreadcrumbList\",\"@id\":\"https:\/\/www.entspannter-wohnen.com\/?page_id=674#breadcrumb\",\"itemListElement\":[{\"@type\":\"ListItem\",\"position\":1,\"name\":\"Startseite\",\"item\":\"https:\/\/www.entspannter-wohnen.com\/\"},{\"@type\":\"ListItem\",\"position\":2,\"name\":\"Entspannte B\u00fcroklammer\"}]},{\"@type\":\"WebSite\",\"@id\":\"https:\/\/www.entspannter-wohnen.com\/#website\",\"url\":\"https:\/\/www.entspannter-wohnen.com\/\",\"name\":\"Entspannter-Wohnen\",\"description\":\"Fliesenprofi aus Zittau\",\"potentialAction\":[{\"@type\":\"SearchAction\",\"target\":{\"@type\":\"EntryPoint\",\"urlTemplate\":\"https:\/\/www.entspannter-wohnen.com\/?s={search_term_string}\"},\"query-input\":{\"@type\":\"PropertyValueSpecification\",\"valueRequired\":true,\"valueName\":\"search_term_string\"}}],\"inLanguage\":\"de\"}]}<\/script>\n<!-- \/ Yoast SEO plugin. -->","yoast_head_json":{"title":"Entspannte B\u00fcroklammer - Entspannter-Wohnen","robots":{"index":"index","follow":"follow","max-snippet":"max-snippet:-1","max-image-preview":"max-image-preview:large","max-video-preview":"max-video-preview:-1"},"canonical":"https:\/\/www.entspannter-wohnen.com\/?page_id=674","og_locale":"de_DE","og_type":"article","og_title":"Entspannte B\u00fcroklammer - Entspannter-Wohnen","og_description":"In der historischen Altstadt von Zittau befindet sich unser Einzelhandelsgesch\u00e4ft. ACHTUNG: Ab Montag, dem 26.08.2024, ist unser neuer HP Plotter\/Scanner\/Kopierer f\u00fcr Gr\u00f6\u00dfen ab A2 bis A0 einsatzbereit f\u00fcr Farbe&amp;s\/w,au\u00dferdem k\u00f6nnen wir auch bis A0 laminieren, also besuchen Sie uns! Unser Angebot: Unser Angebot: Stempelshop, Einzelhandel, Lotto, Post, Dienstleistungen (u.a. Kopieren, Scannen, Plotten, Drucken, Laminieren (alle Read More ...","og_url":"https:\/\/www.entspannter-wohnen.com\/?page_id=674","og_site_name":"Entspannter-Wohnen","article_modified_time":"2024-08-22T09:38:27+00:00","og_image":[{"width":3220,"height":568,"url":"https:\/\/www.entspannter-wohnen.com\/wp-content\/uploads\/2024\/02\/Bueroklammer_Logo_einzeilig.png","type":"image\/png"}],"twitter_card":"summary_large_image","twitter_misc":{"Gesch\u00e4tzte Lesezeit":"1\u00a0Minute"},"schema":{"@context":"https:\/\/schema.org","@graph":[{"@type":"WebPage","@id":"https:\/\/www.entspannter-wohnen.com\/?page_id=674","url":"https:\/\/www.entspannter-wohnen.com\/?page_id=674","name":"Entspannte B\u00fcroklammer - Entspannter-Wohnen","isPartOf":{"@id":"https:\/\/www.entspannter-wohnen.com\/#website"},"primaryImageOfPage":{"@id":"https:\/\/www.entspannter-wohnen.com\/?page_id=674#primaryimage"},"image":{"@id":"https:\/\/www.entspannter-wohnen.com\/?page_id=674#primaryimage"},"thumbnailUrl":"https:\/\/www.entspannter-wohnen.com\/wp-content\/uploads\/2024\/02\/Bueroklammer_Logo_einzeilig-1836x324.png","datePublished":"2024-01-14T14:42:03+00:00","dateModified":"2024-08-22T09:38:27+00:00","breadcrumb":{"@id":"https:\/\/www.entspannter-wohnen.com\/?page_id=674#breadcrumb"},"inLanguage":"de","potentialAction":[{"@type":"ReadAction","target":["https:\/\/www.entspannter-wohnen.com\/?page_id=674"]}]},{"@type":"ImageObject","inLanguage":"de","@id":"https:\/\/www.entspannter-wohnen.com\/?page_id=674#primaryimage","url":"https:\/\/www.entspannter-wohnen.com\/wp-content\/uploads\/2024\/02\/Bueroklammer_Logo_einzeilig.png","contentUrl":"https:\/\/www.entspannter-wohnen.com\/wp-content\/uploads\/2024\/02\/Bueroklammer_Logo_einzeilig.png","width":3220,"height":568},{"@type":"BreadcrumbList","@id":"https:\/\/www.entspannter-wohnen.com\/?page_id=674#breadcrumb","itemListElement":[{"@type":"ListItem","position":1,"name":"Startseite","item":"https:\/\/www.entspannter-wohnen.com\/"},{"@type":"ListItem","position":2,"name":"Entspannte B\u00fcroklammer"}]},{"@type":"WebSite","@id":"https:\/\/www.entspannter-wohnen.com\/#website","url":"https:\/\/www.entspannter-wohnen.com\/","name":"Entspannter-Wohnen","description":"Fliesenprofi aus Zittau","potentialAction":[{"@type":"SearchAction","target":{"@type":"EntryPoint","urlTemplate":"https:\/\/www.entspannter-wohnen.com\/?s={search_term_string}"},"query-input":{"@type":"PropertyValueSpecification","valueRequired":true,"valueName":"search_term_string"}}],"inLanguage":"de"}]}},"_links":{"self":[{"href":"https:\/\/www.entspannter-wohnen.com\/index.php?rest_route=\/wp\/v2\/pages\/674","targetHints":{"allow":["GET"]}}],"collection":[{"href":"https:\/\/www.entspannter-wohnen.com\/index.php?rest_route=\/wp\/v2\/pages"}],"about":[{"href":"https:\/\/www.entspannter-wohnen.com\/index.php?rest_route=\/wp\/v2\/types\/page"}],"author":[{"embeddable":true,"href":"https:\/\/www.entspannter-wohnen.com\/index.php?rest_route=\/wp\/v2\/users\/1"}],"replies":[{"embeddable":true,"href":"https:\/\/www.entspannter-wohnen.com\/index.php?rest_route=%2Fwp%2Fv2%2Fcomments&post=674"}],"version-history":[{"count":0,"href":"https:\/\/www.entspannter-wohnen.com\/index.php?rest_route=\/wp\/v2\/pages\/674\/revisions"}],"wp:attachment":[{"href":"https:\/\/www.entspannter-wohnen.com\/index.php?rest_route=%2Fwp%2Fv2%2Fmedia&parent=674"}],"curies":[{"name":"wp","href":"https:\/\/api.w.org\/{rel}","templated":true}]}}