{"id":2388,"date":"2025-08-25T09:39:06","date_gmt":"2025-08-25T09:39:06","guid":{"rendered":"https:\/\/www.entspannter-wohnen.com\/?page_id=2388"},"modified":"2025-08-25T09:40:05","modified_gmt":"2025-08-25T09:40:05","slug":"perfekte-fliesenarbeit-in-ihrem-zuhause","status":"publish","type":"page","link":"https:\/\/www.entspannter-wohnen.com\/?page_id=2388","title":{"rendered":"perfekte Fliesenarbeit in Ihrem Zuhause"},"content":{"rendered":"\t\t<div data-elementor-type=\"wp-page\" data-elementor-id=\"2388\" class=\"elementor elementor-2388\" data-elementor-post-type=\"page\">\n\t\t\t\t\t\t<section class=\"elementor-section elementor-top-section elementor-element elementor-element-66961d0c elementor-section-boxed elementor-section-height-default elementor-section-height-default\" data-id=\"66961d0c\" data-element_type=\"section\" data-e-type=\"section\">\n\t\t\t\t\t\t<div class=\"elementor-container elementor-column-gap-default\">\n\t\t\t\t\t<div class=\"elementor-column elementor-col-100 elementor-top-column elementor-element elementor-element-34d3a783\" data-id=\"34d3a783\" data-element_type=\"column\" data-e-type=\"column\">\n\t\t\t<div class=\"elementor-widget-wrap elementor-element-populated\">\n\t\t\t\t\t\t<section class=\"elementor-section elementor-inner-section elementor-element elementor-element-43c7f2fd elementor-section-content-middle elementor-section-boxed elementor-section-height-default elementor-section-height-default\" data-id=\"43c7f2fd\" data-element_type=\"section\" data-e-type=\"section\">\n\t\t\t\t\t\t<div class=\"elementor-container elementor-column-gap-default\">\n\t\t\t\t\t<div class=\"elementor-column elementor-col-100 elementor-inner-column elementor-element elementor-element-174f6cf8\" data-id=\"174f6cf8\" data-element_type=\"column\" data-e-type=\"column\">\n\t\t\t<div class=\"elementor-widget-wrap elementor-element-populated\">\n\t\t\t\t\t\t<div class=\"elementor-element elementor-element-45bb623b elementor-widget elementor-widget-heading\" data-id=\"45bb623b\" data-element_type=\"widget\" data-e-type=\"widget\" data-widget_type=\"heading.default\">\n\t\t\t\t<div class=\"elementor-widget-container\">\n\t\t\t\t\t<h1 class=\"elementor-heading-title elementor-size-default\">Tipps f\u00fcr perfekte Fliesenarbeit in Ihrem Zuhause<\/h1>\t\t\t\t<\/div>\n\t\t\t\t<\/div>\n\t\t\t\t\t<\/div>\n\t\t<\/div>\n\t\t\t\t\t<\/div>\n\t\t<\/section>\n\t\t\t\t\t<\/div>\n\t\t<\/div>\n\t\t\t\t\t<\/div>\n\t\t<\/section>\n\t\t\t\t<section class=\"elementor-section elementor-top-section elementor-element elementor-element-382f9ed8 elementor-section-boxed elementor-section-height-default elementor-section-height-default\" data-id=\"382f9ed8\" data-element_type=\"section\" data-e-type=\"section\">\n\t\t\t\t\t\t<div class=\"elementor-container elementor-column-gap-default\">\n\t\t\t\t\t<div class=\"elementor-column elementor-col-50 elementor-top-column elementor-element elementor-element-3f16154\" data-id=\"3f16154\" data-element_type=\"column\" data-e-type=\"column\">\n\t\t\t<div class=\"elementor-widget-wrap elementor-element-populated\">\n\t\t\t\t\t\t<div class=\"elementor-element elementor-element-5ae8a8f4 elementor-widget elementor-widget-text-editor\" data-id=\"5ae8a8f4\" data-element_type=\"widget\" data-e-type=\"widget\" data-widget_type=\"text-editor.default\">\n\t\t\t\t<div class=\"elementor-widget-container\">\n\t\t\t\t\t\t\t\t\t<p data-start=\"282\" data-end=\"743\">Wenn es um die Gestaltung von Wohnr\u00e4umen geht, spielen Fliesen eine zentrale Rolle. Sie sind nicht nur funktional, sondern setzen auch optische Akzente. Wer in Zittau auf der Suche nach einem <strong data-start=\"474\" data-end=\"506\">professionellen Fliesenleger<\/strong> ist, sollte bei der Auswahl auf Qualit\u00e4t, Erfahrung und Zuverl\u00e4ssigkeit achten. In diesem Artikel geben wir Ihnen wertvolle Tipps, wie Sie den richtigen Fliesenleger in Zittau finden und worauf Sie bei Fliesenprojekten achten sollten.<\/p><h2 data-start=\"745\" data-end=\"778\">1. Warum ein Profi wichtig ist<\/h2><p data-start=\"780\" data-end=\"954\">Fliesenlegen ist mehr als nur ein Handwerk \u2013 es erfordert Pr\u00e4zision, Erfahrung und das richtige Materialwissen. Ein erfahrener <strong data-start=\"907\" data-end=\"933\">Fliesenleger in Zittau<\/strong> sorgt daf\u00fcr, dass:<\/p><ul data-start=\"955\" data-end=\"1134\"><li data-start=\"955\" data-end=\"998\"><p data-start=\"957\" data-end=\"998\">die Fliesen gleichm\u00e4\u00dfig verlegt werden,<\/p><\/li><li data-start=\"999\" data-end=\"1035\"><p data-start=\"1001\" data-end=\"1035\">Fugen sauber und langlebig sind,<\/p><\/li><li data-start=\"1036\" data-end=\"1078\"><p data-start=\"1038\" data-end=\"1078\">Materialien optimal kombiniert werden,<\/p><\/li><li data-start=\"1079\" data-end=\"1134\"><p data-start=\"1081\" data-end=\"1134\">Ihr Zuhause langfristig wertvoll und modern bleibt.<\/p><\/li><\/ul><p data-start=\"1136\" data-end=\"1203\">Ein Profi spart Ihnen Zeit, Nerven und m\u00f6gliche teure Nacharbeiten.<\/p><h2 data-start=\"1205\" data-end=\"1270\">2. Tipps f\u00fcr die Auswahl des richtigen Fliesenlegers in Zittau<\/h2><h3 data-start=\"1272\" data-end=\"1296\">a) Referenzen pr\u00fcfen<\/h3><p data-start=\"1297\" data-end=\"1450\">Schauen Sie sich vorherige Projekte des Fliesenlegers an. Seri\u00f6se Unternehmen zeigen abgeschlossene Arbeiten auf ihrer Website oder in einem Portfolio.<\/p><h3 data-start=\"1452\" data-end=\"1475\">b) Beratung vor Ort<\/h3><p data-start=\"1476\" data-end=\"1628\">Ein guter Fliesenleger bietet eine <strong data-start=\"1511\" data-end=\"1543\">fachkundige Beratung vor Ort<\/strong> an. So k\u00f6nnen Material, Farbe und Format optimal auf Ihren Raum abgestimmt werden.<\/p><h3 data-start=\"1630\" data-end=\"1657\">c) Angebote vergleichen<\/h3><p data-start=\"1658\" data-end=\"1811\">Vergleichen Sie mehrere Angebote, achten Sie aber nicht nur auf den Preis. Qualit\u00e4t und Erfahrung sind oft entscheidender f\u00fcr ein langlebiges Ergebnis.<\/p><h3 data-start=\"1813\" data-end=\"1846\">d) Kundenbewertungen beachten<\/h3><p data-start=\"1847\" data-end=\"2037\">Bewertungen auf Google oder lokalen Plattformen geben Einblicke in die Zufriedenheit anderer Kunden. Positive R\u00fcckmeldungen zeigen, dass das Unternehmen zuverl\u00e4ssig und kompetent arbeitet.<\/p><h2 data-start=\"2039\" data-end=\"2074\">3. Fliesen-Tipps f\u00fcr Ihr Zuhause<\/h2><ul data-start=\"2076\" data-end=\"2403\"><li data-start=\"2076\" data-end=\"2146\"><p data-start=\"2078\" data-end=\"2146\"><strong data-start=\"2078\" data-end=\"2096\">Gro\u00dfe Formate:<\/strong> Fliesen ab 60&#215;60 cm lassen R\u00e4ume gr\u00f6\u00dfer wirken.<\/p><\/li><li data-start=\"2147\" data-end=\"2227\"><p data-start=\"2149\" data-end=\"2227\"><strong data-start=\"2149\" data-end=\"2179\">Naturstein- und Holzoptik:<\/strong> Bringen W\u00e4rme und Gem\u00fctlichkeit in Wohnr\u00e4ume.<\/p><\/li><li data-start=\"2228\" data-end=\"2314\"><p data-start=\"2230\" data-end=\"2314\"><strong data-start=\"2230\" data-end=\"2254\">Rutschfeste Fliesen:<\/strong> Besonders im Bad und in der K\u00fcche wichtig f\u00fcr Sicherheit.<\/p><\/li><li data-start=\"2315\" data-end=\"2403\"><p data-start=\"2317\" data-end=\"2403\"><strong data-start=\"2317\" data-end=\"2339\">Farbkombinationen:<\/strong> Helle T\u00f6ne wirken freundlich, dunkle T\u00f6ne elegant und modern.<\/p><\/li><\/ul><p data-start=\"2405\" data-end=\"2521\">Mit diesen Tipps k\u00f6nnen Sie gemeinsam mit Ihrem Fliesenleger ein individuelles und stilvolles Wohnkonzept erstellen.<\/p><h2 data-start=\"2523\" data-end=\"2585\">4. Vertrauen aufbauen: So erkennen Sie seri\u00f6se Fliesenleger<\/h2><p data-start=\"2587\" data-end=\"2657\">Seri\u00f6se Fliesenleger zeichnen sich durch folgende Eigenschaften aus:<\/p><ul data-start=\"2658\" data-end=\"2862\"><li data-start=\"2658\" data-end=\"2717\"><p data-start=\"2660\" data-end=\"2717\"><strong data-start=\"2660\" data-end=\"2692\">Transparente Preisgestaltung<\/strong> ohne versteckte Kosten<\/p><\/li><li data-start=\"2718\" data-end=\"2755\"><p data-start=\"2720\" data-end=\"2755\"><strong data-start=\"2720\" data-end=\"2753\">Zuverl\u00e4ssige Termineinhaltung<\/strong><\/p><\/li><li data-start=\"2756\" data-end=\"2810\"><p data-start=\"2758\" data-end=\"2810\"><strong data-start=\"2758\" data-end=\"2780\">Fachliche Beratung<\/strong> f\u00fcr Materialwahl und Pflege<\/p><\/li><li data-start=\"2811\" data-end=\"2862\"><p data-start=\"2813\" data-end=\"2862\"><strong data-start=\"2813\" data-end=\"2838\">Langj\u00e4hrige Erfahrung<\/strong> und zufriedene Kunden<\/p><\/li><\/ul><p data-start=\"2864\" data-end=\"2952\">Ein Unternehmen, das diese Kriterien erf\u00fcllt, ist ein Partner, dem Sie vertrauen k\u00f6nnen.<\/p><hr data-start=\"2954\" data-end=\"2957\" \/><h3 data-start=\"2959\" data-end=\"3020\">Fazit: Mit einem Fliesenleger aus Zittau zur Traumwohnung<\/h3><p data-start=\"3022\" data-end=\"3327\">Ein <strong data-start=\"3026\" data-end=\"3068\">professioneller Fliesenleger in Zittau<\/strong> sorgt daf\u00fcr, dass Ihr Zuhause nicht nur optisch ansprechend, sondern auch funktional gestaltet ist. Mit der richtigen Auswahl, Tipps f\u00fcr Materialien und Farben sowie einem vertrauensvollen Partner erhalten Sie ein Ergebnis, das langfristig Freude bereitet.<\/p><p data-start=\"3329\" data-end=\"3522\"><strong data-start=\"3329\" data-end=\"3338\">Tipp:<\/strong> Nehmen Sie sich Zeit f\u00fcr die Auswahl Ihres Fliesenlegers, pr\u00fcfen Sie Referenzen und setzen Sie auf Erfahrung. So schaffen Sie sich R\u00e4ume, in denen Sie sich rundum wohlf\u00fchlen k\u00f6nnen.<\/p>\t\t\t\t\t\t\t\t<\/div>\n\t\t\t\t<\/div>\n\t\t\t\t\t<\/div>\n\t\t<\/div>\n\t\t\t\t<div class=\"elementor-column elementor-col-50 elementor-top-column elementor-element elementor-element-2a5fe94e\" data-id=\"2a5fe94e\" data-element_type=\"column\" data-e-type=\"column\">\n\t\t\t<div class=\"elementor-widget-wrap elementor-element-populated\">\n\t\t\t\t\t\t<section class=\"elementor-section elementor-inner-section elementor-element elementor-element-54a06380 elementor-section-boxed elementor-section-height-default elementor-section-height-default\" data-id=\"54a06380\" data-element_type=\"section\" data-e-type=\"section\" data-settings=\"{&quot;background_background&quot;:&quot;classic&quot;}\">\n\t\t\t\t\t\t<div class=\"elementor-container elementor-column-gap-default\">\n\t\t\t\t\t<div class=\"elementor-column elementor-col-100 elementor-inner-column elementor-element elementor-element-21256008\" data-id=\"21256008\" data-element_type=\"column\" data-e-type=\"column\">\n\t\t\t<div class=\"elementor-widget-wrap elementor-element-populated\">\n\t\t\t\t\t\t<div class=\"elementor-element elementor-element-3f53446d elementor-widget elementor-widget-heading\" data-id=\"3f53446d\" data-element_type=\"widget\" data-e-type=\"widget\" data-widget_type=\"heading.default\">\n\t\t\t\t<div class=\"elementor-widget-container\">\n\t\t\t\t\t<h4 class=\"elementor-heading-title elementor-size-default\">Letzter Artikel<\/h4>\t\t\t\t<\/div>\n\t\t\t\t<\/div>\n\t\t\t\t<div class=\"elementor-element elementor-element-2d5d2d21 elementor-widget-divider--view-line elementor-widget elementor-widget-divider\" data-id=\"2d5d2d21\" data-element_type=\"widget\" data-e-type=\"widget\" data-widget_type=\"divider.default\">\n\t\t\t\t<div class=\"elementor-widget-container\">\n\t\t\t\t\t\t\t<div class=\"elementor-divider\">\n\t\t\t<span class=\"elementor-divider-separator\">\n\t\t\t\t\t\t<\/span>\n\t\t<\/div>\n\t\t\t\t\t\t<\/div>\n\t\t\t\t<\/div>\n\t\t\t\t\t<\/div>\n\t\t<\/div>\n\t\t\t\t\t<\/div>\n\t\t<\/section>\n\t\t\t\t<div class=\"elementor-element elementor-element-2d19c25c elementor-cta--skin-cover elementor-cta--valign-bottom elementor-animated-content elementor-bg-transform elementor-bg-transform-zoom-in elementor-widget elementor-widget-call-to-action\" data-id=\"2d19c25c\" data-element_type=\"widget\" data-e-type=\"widget\" data-widget_type=\"call-to-action.default\">\n\t\t\t\t<div class=\"elementor-widget-container\">\n\t\t\t\t\t\t\t<div class=\"elementor-cta\">\n\t\t\t\t\t<div class=\"elementor-cta__bg-wrapper\">\n\t\t\t\t<div class=\"elementor-cta__bg elementor-bg\" style=\"background-image: url(https:\/\/www.entspannter-wohnen.com\/wp-content\/uploads\/2025\/03\/IMG_9178-scaled.jpg);\" role=\"img\" aria-label=\"Fliesen, Fliesen in Zittau\"><\/div>\n\t\t\t\t<div class=\"elementor-cta__bg-overlay\"><\/div>\n\t\t\t<\/div>\n\t\t\t\t\t\t\t<div class=\"elementor-cta__content\">\n\t\t\t\t\n\t\t\t\t\t\t\t\t\t<h3 class=\"elementor-cta__title elementor-cta__content-item elementor-content-item elementor-animated-item--move-up\">\n\t\t\t\t\t\tSie wissen jetzt, wie\u2019s geht...\t\t\t\t\t<\/h3>\n\t\t\t\t\n\t\t\t\t\t\t\t\t\t<div class=\"elementor-cta__description elementor-cta__content-item elementor-content-item elementor-animated-item--move-up\">\n\t\t\t\t\t\t...und wir, wie man\u2019s macht.\t\t\t\t\t<\/div>\n\t\t\t\t\n\t\t\t\t\t\t\t\t\t<div class=\"elementor-cta__button-wrapper elementor-cta__content-item elementor-content-item elementor-animated-item--move-up\">\n\t\t\t\t\t<a class=\"elementor-cta__button elementor-button elementor-size-\" href=\"#\">\n\t\t\t\t\t\tAngebot einholen\t\t\t\t\t<\/a>\n\t\t\t\t\t<\/div>\n\t\t\t\t\t\t\t<\/div>\n\t\t\t\t\t\t<\/div>\n\t\t\t\t\t\t<\/div>\n\t\t\t\t<\/div>\n\t\t\t\t\t<\/div>\n\t\t<\/div>\n\t\t\t\t\t<\/div>\n\t\t<\/section>\n\t\t\t\t<\/div>\n\t\t","protected":false},"excerpt":{"rendered":"<p>Tipps f\u00fcr perfekte Fliesenarbeit in Ihrem Zuhause Wenn es um die Gestaltung von Wohnr\u00e4umen geht, spielen Fliesen eine zentrale Rolle. Sie sind nicht nur funktional, sondern setzen auch optische Akzente. Wer in Zittau auf der Suche nach einem professionellen Fliesenleger ist, sollte bei der Auswahl auf Qualit\u00e4t, Erfahrung und Zuverl\u00e4ssigkeit achten. In diesem Artikel geben <a class=\"moretag\" href=\"https:\/\/www.entspannter-wohnen.com\/?page_id=2388\">Read More &#8230;<\/a><\/p>\n","protected":false},"author":4,"featured_media":0,"parent":0,"menu_order":0,"comment_status":"closed","ping_status":"closed","template":"","meta":{"footnotes":""},"class_list":["post-2388","page","type-page","status-publish","hentry"],"yoast_head":"<!-- This site is optimized with the Yoast SEO plugin v26.8 - https:\/\/yoast.com\/product\/yoast-seo-wordpress\/ -->\n<title>perfekte Fliesenarbeit in Ihrem Zuhause - Entspannter-Wohnen<\/title>\n<meta name=\"robots\" content=\"index, follow, max-snippet:-1, max-image-preview:large, max-video-preview:-1\" \/>\n<link rel=\"canonical\" href=\"https:\/\/www.entspannter-wohnen.com\/?page_id=2388\" \/>\n<meta property=\"og:locale\" content=\"de_DE\" \/>\n<meta property=\"og:type\" content=\"article\" \/>\n<meta property=\"og:title\" content=\"perfekte Fliesenarbeit in Ihrem Zuhause - Entspannter-Wohnen\" \/>\n<meta property=\"og:description\" content=\"Tipps f\u00fcr perfekte Fliesenarbeit in Ihrem Zuhause Wenn es um die Gestaltung von Wohnr\u00e4umen geht, spielen Fliesen eine zentrale Rolle. Sie sind nicht nur funktional, sondern setzen auch optische Akzente. Wer in Zittau auf der Suche nach einem professionellen Fliesenleger ist, sollte bei der Auswahl auf Qualit\u00e4t, Erfahrung und Zuverl\u00e4ssigkeit achten. In diesem Artikel geben Read More ...\" \/>\n<meta property=\"og:url\" content=\"https:\/\/www.entspannter-wohnen.com\/?page_id=2388\" \/>\n<meta property=\"og:site_name\" content=\"Entspannter-Wohnen\" \/>\n<meta property=\"article:modified_time\" content=\"2025-08-25T09:40:05+00:00\" \/>\n<meta name=\"twitter:card\" content=\"summary_large_image\" \/>\n<meta name=\"twitter:label1\" content=\"Gesch\u00e4tzte Lesezeit\" \/>\n\t<meta name=\"twitter:data1\" content=\"3\u00a0Minuten\" \/>\n<script type=\"application\/ld+json\" class=\"yoast-schema-graph\">{\"@context\":\"https:\/\/schema.org\",\"@graph\":[{\"@type\":\"WebPage\",\"@id\":\"https:\/\/www.entspannter-wohnen.com\/?page_id=2388\",\"url\":\"https:\/\/www.entspannter-wohnen.com\/?page_id=2388\",\"name\":\"perfekte Fliesenarbeit in Ihrem Zuhause - Entspannter-Wohnen\",\"isPartOf\":{\"@id\":\"https:\/\/www.entspannter-wohnen.com\/#website\"},\"datePublished\":\"2025-08-25T09:39:06+00:00\",\"dateModified\":\"2025-08-25T09:40:05+00:00\",\"breadcrumb\":{\"@id\":\"https:\/\/www.entspannter-wohnen.com\/?page_id=2388#breadcrumb\"},\"inLanguage\":\"de\",\"potentialAction\":[{\"@type\":\"ReadAction\",\"target\":[\"https:\/\/www.entspannter-wohnen.com\/?page_id=2388\"]}]},{\"@type\":\"BreadcrumbList\",\"@id\":\"https:\/\/www.entspannter-wohnen.com\/?page_id=2388#breadcrumb\",\"itemListElement\":[{\"@type\":\"ListItem\",\"position\":1,\"name\":\"Startseite\",\"item\":\"https:\/\/www.entspannter-wohnen.com\/\"},{\"@type\":\"ListItem\",\"position\":2,\"name\":\"perfekte Fliesenarbeit in Ihrem Zuhause\"}]},{\"@type\":\"WebSite\",\"@id\":\"https:\/\/www.entspannter-wohnen.com\/#website\",\"url\":\"https:\/\/www.entspannter-wohnen.com\/\",\"name\":\"Entspannter-Wohnen\",\"description\":\"Fliesenprofi aus Zittau\",\"potentialAction\":[{\"@type\":\"SearchAction\",\"target\":{\"@type\":\"EntryPoint\",\"urlTemplate\":\"https:\/\/www.entspannter-wohnen.com\/?s={search_term_string}\"},\"query-input\":{\"@type\":\"PropertyValueSpecification\",\"valueRequired\":true,\"valueName\":\"search_term_string\"}}],\"inLanguage\":\"de\"}]}<\/script>\n<!-- \/ Yoast SEO plugin. -->","yoast_head_json":{"title":"perfekte Fliesenarbeit in Ihrem Zuhause - Entspannter-Wohnen","robots":{"index":"index","follow":"follow","max-snippet":"max-snippet:-1","max-image-preview":"max-image-preview:large","max-video-preview":"max-video-preview:-1"},"canonical":"https:\/\/www.entspannter-wohnen.com\/?page_id=2388","og_locale":"de_DE","og_type":"article","og_title":"perfekte Fliesenarbeit in Ihrem Zuhause - Entspannter-Wohnen","og_description":"Tipps f\u00fcr perfekte Fliesenarbeit in Ihrem Zuhause Wenn es um die Gestaltung von Wohnr\u00e4umen geht, spielen Fliesen eine zentrale Rolle. Sie sind nicht nur funktional, sondern setzen auch optische Akzente. Wer in Zittau auf der Suche nach einem professionellen Fliesenleger ist, sollte bei der Auswahl auf Qualit\u00e4t, Erfahrung und Zuverl\u00e4ssigkeit achten. In diesem Artikel geben Read More ...","og_url":"https:\/\/www.entspannter-wohnen.com\/?page_id=2388","og_site_name":"Entspannter-Wohnen","article_modified_time":"2025-08-25T09:40:05+00:00","twitter_card":"summary_large_image","twitter_misc":{"Gesch\u00e4tzte Lesezeit":"3\u00a0Minuten"},"schema":{"@context":"https:\/\/schema.org","@graph":[{"@type":"WebPage","@id":"https:\/\/www.entspannter-wohnen.com\/?page_id=2388","url":"https:\/\/www.entspannter-wohnen.com\/?page_id=2388","name":"perfekte Fliesenarbeit in Ihrem Zuhause - Entspannter-Wohnen","isPartOf":{"@id":"https:\/\/www.entspannter-wohnen.com\/#website"},"datePublished":"2025-08-25T09:39:06+00:00","dateModified":"2025-08-25T09:40:05+00:00","breadcrumb":{"@id":"https:\/\/www.entspannter-wohnen.com\/?page_id=2388#breadcrumb"},"inLanguage":"de","potentialAction":[{"@type":"ReadAction","target":["https:\/\/www.entspannter-wohnen.com\/?page_id=2388"]}]},{"@type":"BreadcrumbList","@id":"https:\/\/www.entspannter-wohnen.com\/?page_id=2388#breadcrumb","itemListElement":[{"@type":"ListItem","position":1,"name":"Startseite","item":"https:\/\/www.entspannter-wohnen.com\/"},{"@type":"ListItem","position":2,"name":"perfekte Fliesenarbeit in Ihrem Zuhause"}]},{"@type":"WebSite","@id":"https:\/\/www.entspannter-wohnen.com\/#website","url":"https:\/\/www.entspannter-wohnen.com\/","name":"Entspannter-Wohnen","description":"Fliesenprofi aus Zittau","potentialAction":[{"@type":"SearchAction","target":{"@type":"EntryPoint","urlTemplate":"https:\/\/www.entspannter-wohnen.com\/?s={search_term_string}"},"query-input":{"@type":"PropertyValueSpecification","valueRequired":true,"valueName":"search_term_string"}}],"inLanguage":"de"}]}},"_links":{"self":[{"href":"https:\/\/www.entspannter-wohnen.com\/index.php?rest_route=\/wp\/v2\/pages\/2388","targetHints":{"allow":["GET"]}}],"collection":[{"href":"https:\/\/www.entspannter-wohnen.com\/index.php?rest_route=\/wp\/v2\/pages"}],"about":[{"href":"https:\/\/www.entspannter-wohnen.com\/index.php?rest_route=\/wp\/v2\/types\/page"}],"author":[{"embeddable":true,"href":"https:\/\/www.entspannter-wohnen.com\/index.php?rest_route=\/wp\/v2\/users\/4"}],"replies":[{"embeddable":true,"href":"https:\/\/www.entspannter-wohnen.com\/index.php?rest_route=%2Fwp%2Fv2%2Fcomments&post=2388"}],"version-history":[{"count":8,"href":"https:\/\/www.entspannter-wohnen.com\/index.php?rest_route=\/wp\/v2\/pages\/2388\/revisions"}],"predecessor-version":[{"id":2397,"href":"https:\/\/www.entspannter-wohnen.com\/index.php?rest_route=\/wp\/v2\/pages\/2388\/revisions\/2397"}],"wp:attachment":[{"href":"https:\/\/www.entspannter-wohnen.com\/index.php?rest_route=%2Fwp%2Fv2%2Fmedia&parent=2388"}],"curies":[{"name":"wp","href":"https:\/\/api.w.org\/{rel}","templated":true}]}}